{"id":653,"date":"2016-05-20T10:14:48","date_gmt":"2016-05-20T10:14:48","guid":{"rendered":"http:\/\/mariaellingsen.is\/?page_id=653"},"modified":"2026-01-18T23:30:39","modified_gmt":"2026-01-18T23:30:39","slug":"hofundur","status":"publish","type":"page","link":"https:\/\/mariaellingsen.is\/en\/hofundur\/","title":{"rendered":"H\u00f6fundur"},"content":{"rendered":"<div data-elementor-type=\"wp-page\" data-elementor-id=\"653\" class=\"elementor elementor-653\" data-elementor-post-type=\"page\">\n\t\t\t\t\t\t<section class=\"elementor-section elementor-top-section elementor-element elementor-element-dd845ea elementor-section-boxed elementor-section-height-default elementor-section-height-default\" data-id=\"dd845ea\" data-element_type=\"section\" data-e-type=\"section\">\n\t\t\t\t\t\t<div class=\"elementor-container elementor-column-gap-default\">\n\t\t\t\t\t<div class=\"elementor-column elementor-col-100 elementor-top-column elementor-element elementor-element-889336a\" data-id=\"889336a\" data-element_type=\"column\" data-e-type=\"column\">\n\t\t\t<div class=\"elementor-widget-wrap elementor-element-populated\">\n\t\t\t\t\t\t<div class=\"elementor-element elementor-element-54de45e elementor-widget-divider--view-line elementor-widget elementor-widget-divider\" data-id=\"54de45e\" data-element_type=\"widget\" data-e-type=\"widget\" data-widget_type=\"divider.default\">\n\t\t\t\t<div class=\"elementor-widget-container\">\n\t\t\t\t\t\t\t<div class=\"elementor-divider\">\n\t\t\t<span class=\"elementor-divider-separator\">\n\t\t\t\t\t\t<\/span>\n\t\t<\/div>\n\t\t\t\t\t\t<\/div>\n\t\t\t\t<\/div>\n\t\t\t\t\t<\/div>\n\t\t<\/div>\n\t\t\t\t\t<\/div>\n\t\t<\/section>\n\t\t\t\t<section class=\"elementor-section elementor-top-section elementor-element elementor-element-b245633 elementor-section-boxed elementor-section-height-default elementor-section-height-default\" data-id=\"b245633\" data-element_type=\"section\" data-e-type=\"section\">\n\t\t\t\t\t\t<div class=\"elementor-container elementor-column-gap-default\">\n\t\t\t\t\t<div class=\"elementor-column elementor-col-100 elementor-top-column elementor-element elementor-element-5a1d5bf\" data-id=\"5a1d5bf\" data-element_type=\"column\" data-e-type=\"column\">\n\t\t\t<div class=\"elementor-widget-wrap elementor-element-populated\">\n\t\t\t\t\t\t<div class=\"elementor-element elementor-element-6b88711 elementor-widget elementor-widget-jet-smart-filters-color-image\" data-id=\"6b88711\" data-element_type=\"widget\" data-e-type=\"widget\" data-widget_type=\"jet-smart-filters-color-image.default\">\n\t\t\t\t<div class=\"elementor-widget-container\">\n\t\t\t\t\t<div class=\"jet-smart-filters-color-image jet-filter\" data-indexer-rule=\"show\" data-show-counter=\"\" data-change-counter=\"always\"><div class=\"jet-color-image-list\" data-query-type=\"tax_query\" data-query-var=\"flokkar\" data-smart-filter=\"color-image\" data-filter-id=\"2423\" data-apply-type=\"ajax\" data-content-provider=\"epro-posts\" data-additional-providers=\"\" data-query-id=\"default\" data-active-label=\"hofundur-filter\" data-layout-options=\"{&quot;show_label&quot;:&quot;&quot;,&quot;display_options&quot;:{&quot;show_items_label&quot;:&quot;yes&quot;,&quot;show_decorator&quot;:false,&quot;filter_image_size&quot;:&quot;full&quot;,&quot;show_counter&quot;:false}}\" data-query-var-suffix=\"\" data-apply-on=\"value\"><form class=\"jet-color-image-list-wrapper\" action=\"\"><fieldset><legend style=\"display:none;\">H\u00f6fundur filter<\/legend><div class=\"jet-color-image-list__row jet-filter-row\">\n\t<label class=\"jet-color-image-list__item\" >\n\t\t<input\n\t\t\ttype=\"radio\"\n\t\t\tclass=\"jet-color-image-list__input\"\n\t\t\tname=\"flokkar\"\n\t\t\tvalue=\"42\"\n\t\t\tdata-label=\"Allt\"\n\t\t\t\t\t\taria-label=\"Allt\"\n\t\t\t\t\t>\n\t\t<div class=\"jet-color-image-list__button\">\n\t\t\t\t\t\t\t<span class=\"jet-color-image-list__decorator\">\n\t\t\t\t\t\t\t\t\t\t\t<span class=\"jet-color-image-list__color\" style=\"background-color: \"><\/span>\n\t\t\t\t\t\t\t\t\t\t\t\t\t\t<\/span>\n\t\t\t\t\t\t\t\t\t\t<span class=\"jet-color-image-list__label\">Allt<\/span>\n\t\t\t\t\t\t\t\t<\/div>\n\t<\/label>\n<\/div><div class=\"jet-color-image-list__row jet-filter-row\">\n\t<label class=\"jet-color-image-list__item\" >\n\t\t<input\n\t\t\ttype=\"radio\"\n\t\t\tclass=\"jet-color-image-list__input\"\n\t\t\tname=\"flokkar\"\n\t\t\tvalue=\"47\"\n\t\t\tdata-label=\"Um h\u00f6fundinn\"\n\t\t\t\t\t\taria-label=\"Um h\u00f6fundinn\"\n\t\t\t\t\t>\n\t\t<div class=\"jet-color-image-list__button\">\n\t\t\t\t\t\t\t<span class=\"jet-color-image-list__decorator\">\n\t\t\t\t\t\t\t\t\t\t\t<span class=\"jet-color-image-list__color\" style=\"background-color: \"><\/span>\n\t\t\t\t\t\t\t\t\t\t\t\t\t\t<\/span>\n\t\t\t\t\t\t\t\t\t\t<span class=\"jet-color-image-list__label\">Um h\u00f6fundinn<\/span>\n\t\t\t\t\t\t\t\t<\/div>\n\t<\/label>\n<\/div><\/fieldset><input type=\"hidden\" name=\"trp-form-language\" value=\"en\"\/><\/form><\/div>\n<\/div>\t\t\t\t<\/div>\n\t\t\t\t<\/div>\n\t\t\t\t<div class=\"elementor-element elementor-element-34c18e3 elementor-grid-3 elementor-grid-tablet-2 elementor-grid-mobile-1 elementor-posts--thumbnail-top elementor-card-shadow-yes elementor-posts__hover-gradient elementor-widget elementor-widget-posts\" data-id=\"34c18e3\" data-element_type=\"widget\" data-e-type=\"widget\" data-settings=\"{&quot;cards_row_gap&quot;:{&quot;unit&quot;:&quot;px&quot;,&quot;size&quot;:20,&quot;sizes&quot;:[]},&quot;cards_columns&quot;:&quot;3&quot;,&quot;cards_columns_tablet&quot;:&quot;2&quot;,&quot;cards_columns_mobile&quot;:&quot;1&quot;,&quot;cards_row_gap_tablet&quot;:{&quot;unit&quot;:&quot;px&quot;,&quot;size&quot;:&quot;&quot;,&quot;sizes&quot;:[]},&quot;cards_row_gap_mobile&quot;:{&quot;unit&quot;:&quot;px&quot;,&quot;size&quot;:&quot;&quot;,&quot;sizes&quot;:[]}}\" data-widget_type=\"posts.cards\">\n\t\t\t\t<div class=\"elementor-widget-container\">\n\t\t\t\t\t\t\t<div class=\"elementor-posts-container elementor-posts elementor-posts--skin-cards elementor-grid\" role=\"list\">\n\t\t\t\t<article class=\"elementor-post elementor-grid-item post-1479 verk type-verk status-publish has-post-thumbnail hentry flokkar-hofundur flokkar-leikari flokkar-leikhus flokkar-leikverk\" role=\"listitem\">\n\t\t\t<div class=\"elementor-post__card\">\n\t\t\t\t<a class=\"elementor-post__thumbnail__link\" href=\"https:\/\/mariaellingsen.is\/en\/verk\/arctic-women-svalbard-movements\/\" tabindex=\"-1\" ><div class=\"elementor-post__thumbnail\"><img fetchpriority=\"high\" decoding=\"async\" width=\"1200\" height=\"650\" src=\"https:\/\/mariaellingsen.is\/wp-content\/uploads\/2020\/04\/Arctic-womwn-featured-image.jpg\" class=\"attachment-medium_large size-medium_large wp-image-1456\" alt=\"\" srcset=\"https:\/\/mariaellingsen.is\/wp-content\/uploads\/2020\/04\/Arctic-womwn-featured-image.jpg 1200w, https:\/\/mariaellingsen.is\/wp-content\/uploads\/2020\/04\/Arctic-womwn-featured-image-255x138.jpg 255w, https:\/\/mariaellingsen.is\/wp-content\/uploads\/2020\/04\/Arctic-womwn-featured-image-100x54.jpg 100w\" sizes=\"(max-width: 1200px) 100vw, 1200px\" \/><\/div><\/a>\n\t\t\t\t<div class=\"elementor-post__text\">\n\t\t\t\t<h1 class=\"elementor-post__title\">\n\t\t\t<a href=\"https:\/\/mariaellingsen.is\/en\/verk\/arctic-women-svalbard-movements\/\" >\n\t\t\t\tArctic Women &#8211; Svalbard Movements\t\t\t<\/a>\n\t\t<\/h1>\n\t\t\t\t<\/div>\n\t\t\t\t\t<\/div>\n\t\t<\/article>\n\t\t\t\t<article class=\"elementor-post elementor-grid-item post-1321 verk type-verk status-publish has-post-thumbnail hentry flokkar-hofundur flokkar-leikverk\" role=\"listitem\">\n\t\t\t<div class=\"elementor-post__card\">\n\t\t\t\t<a class=\"elementor-post__thumbnail__link\" href=\"https:\/\/mariaellingsen.is\/en\/verk\/augun-min-og-augun-thin\/\" tabindex=\"-1\" ><div class=\"elementor-post__thumbnail\"><img decoding=\"async\" width=\"1200\" height=\"650\" src=\"https:\/\/mariaellingsen.is\/wp-content\/uploads\/2017\/09\/augunmin.jpg\" class=\"attachment-medium_large size-medium_large wp-image-1323\" alt=\"\" srcset=\"https:\/\/mariaellingsen.is\/wp-content\/uploads\/2017\/09\/augunmin.jpg 1200w, https:\/\/mariaellingsen.is\/wp-content\/uploads\/2017\/09\/augunmin-255x138.jpg 255w, https:\/\/mariaellingsen.is\/wp-content\/uploads\/2017\/09\/augunmin-100x54.jpg 100w\" sizes=\"(max-width: 1200px) 100vw, 1200px\" \/><\/div><\/a>\n\t\t\t\t<div class=\"elementor-post__text\">\n\t\t\t\t<h1 class=\"elementor-post__title\">\n\t\t\t<a href=\"https:\/\/mariaellingsen.is\/en\/verk\/augun-min-og-augun-thin\/\" >\n\t\t\t\tAugun m\u00edn og augun \u00fe\u00edn\t\t\t<\/a>\n\t\t<\/h1>\n\t\t\t\t<\/div>\n\t\t\t\t\t<\/div>\n\t\t<\/article>\n\t\t\t\t<article class=\"elementor-post elementor-grid-item post-696 verk type-verk status-publish has-post-thumbnail hentry flokkar-hofundur flokkar-myndband flokkar-sjonvarp\" role=\"listitem\">\n\t\t\t<div class=\"elementor-post__card\">\n\t\t\t\t<a class=\"elementor-post__thumbnail__link\" href=\"https:\/\/mariaellingsen.is\/en\/verk\/femin-is\/\" tabindex=\"-1\" ><div class=\"elementor-post__thumbnail\"><img decoding=\"async\" width=\"2000\" height=\"1125\" src=\"https:\/\/mariaellingsen.is\/wp-content\/uploads\/2002\/09\/maria-femin-featured.jpg\" class=\"attachment-medium_large size-medium_large wp-image-3294\" alt=\"\" srcset=\"https:\/\/mariaellingsen.is\/wp-content\/uploads\/2002\/09\/maria-femin-featured.jpg 2000w, https:\/\/mariaellingsen.is\/wp-content\/uploads\/2002\/09\/maria-femin-featured-255x143.jpg 255w, https:\/\/mariaellingsen.is\/wp-content\/uploads\/2002\/09\/maria-femin-featured-1156x650.jpg 1156w, https:\/\/mariaellingsen.is\/wp-content\/uploads\/2002\/09\/maria-femin-featured-1536x864.jpg 1536w, https:\/\/mariaellingsen.is\/wp-content\/uploads\/2002\/09\/maria-femin-featured-18x10.jpg 18w\" sizes=\"(max-width: 2000px) 100vw, 2000px\" \/><\/div><\/a>\n\t\t\t\t<div class=\"elementor-post__text\">\n\t\t\t\t<h1 class=\"elementor-post__title\">\n\t\t\t<a href=\"https:\/\/mariaellingsen.is\/en\/verk\/femin-is\/\" >\n\t\t\t\tFemin.is\t\t\t<\/a>\n\t\t<\/h1>\n\t\t\t\t<\/div>\n\t\t\t\t\t<\/div>\n\t\t<\/article>\n\t\t\t\t<article class=\"elementor-post elementor-grid-item post-1297 verk type-verk status-publish has-post-thumbnail hentry flokkar-hofundur flokkar-leikari flokkar-leikhus flokkar-leikstjori flokkar-leikverk flokkar-verk\" role=\"listitem\">\n\t\t\t<div class=\"elementor-post__card\">\n\t\t\t\t<a class=\"elementor-post__thumbnail__link\" href=\"https:\/\/mariaellingsen.is\/en\/verk\/ferdalag-fonixins\/\" tabindex=\"-1\" ><div class=\"elementor-post__thumbnail\"><img loading=\"lazy\" decoding=\"async\" width=\"1200\" height=\"650\" src=\"https:\/\/mariaellingsen.is\/wp-content\/uploads\/2011\/05\/Fonix.jpg\" class=\"attachment-medium_large size-medium_large wp-image-1300\" alt=\"\" srcset=\"https:\/\/mariaellingsen.is\/wp-content\/uploads\/2011\/05\/Fonix.jpg 1200w, https:\/\/mariaellingsen.is\/wp-content\/uploads\/2011\/05\/Fonix-255x138.jpg 255w, https:\/\/mariaellingsen.is\/wp-content\/uploads\/2011\/05\/Fonix-100x54.jpg 100w\" sizes=\"(max-width: 1200px) 100vw, 1200px\" \/><\/div><\/a>\n\t\t\t\t<div class=\"elementor-post__text\">\n\t\t\t\t<h1 class=\"elementor-post__title\">\n\t\t\t<a href=\"https:\/\/mariaellingsen.is\/en\/verk\/ferdalag-fonixins\/\" >\n\t\t\t\tFer\u00f0alag F\u00f6nixins\t\t\t<\/a>\n\t\t<\/h1>\n\t\t\t\t<\/div>\n\t\t\t\t\t<\/div>\n\t\t<\/article>\n\t\t\t\t<article class=\"elementor-post elementor-grid-item post-3847 verk type-verk status-publish has-post-thumbnail hentry flokkar-hofundur flokkar-leikstjori flokkar-leikverk flokkar-verk\" role=\"listitem\">\n\t\t\t<div class=\"elementor-post__card\">\n\t\t\t\t<a class=\"elementor-post__thumbnail__link\" href=\"https:\/\/mariaellingsen.is\/en\/verk\/hatidarsyning-nordic-ljus-2014\/\" tabindex=\"-1\" ><div class=\"elementor-post__thumbnail\"><img loading=\"lazy\" decoding=\"async\" width=\"2048\" height=\"1140\" src=\"https:\/\/mariaellingsen.is\/wp-content\/uploads\/2023\/04\/10496033_480408945429790_3606631305583262776_o-2.jpg\" class=\"attachment-medium_large size-medium_large wp-image-3843\" alt=\"\" srcset=\"https:\/\/mariaellingsen.is\/wp-content\/uploads\/2023\/04\/10496033_480408945429790_3606631305583262776_o-2.jpg 2048w, https:\/\/mariaellingsen.is\/wp-content\/uploads\/2023\/04\/10496033_480408945429790_3606631305583262776_o-2-255x142.jpg 255w, https:\/\/mariaellingsen.is\/wp-content\/uploads\/2023\/04\/10496033_480408945429790_3606631305583262776_o-2-1168x650.jpg 1168w, https:\/\/mariaellingsen.is\/wp-content\/uploads\/2023\/04\/10496033_480408945429790_3606631305583262776_o-2-1536x855.jpg 1536w, https:\/\/mariaellingsen.is\/wp-content\/uploads\/2023\/04\/10496033_480408945429790_3606631305583262776_o-2-18x10.jpg 18w\" sizes=\"(max-width: 2048px) 100vw, 2048px\" \/><\/div><\/a>\n\t\t\t\t<div class=\"elementor-post__text\">\n\t\t\t\t<h1 class=\"elementor-post__title\">\n\t\t\t<a href=\"https:\/\/mariaellingsen.is\/en\/verk\/hatidarsyning-nordic-ljus-2014\/\" >\n\t\t\t\tH\u00e1t\u00ed\u00f0ars\u00fdning Nordic Ljus\t\t\t<\/a>\n\t\t<\/h1>\n\t\t\t\t<\/div>\n\t\t\t\t\t<\/div>\n\t\t<\/article>\n\t\t\t\t<article class=\"elementor-post elementor-grid-item post-329 verk type-verk status-publish has-post-thumbnail hentry flokkar-hofundur flokkar-leikari flokkar-leikhus flokkar-leikstjori flokkar-leikverk flokkar-verk\" role=\"listitem\">\n\t\t\t<div class=\"elementor-post__card\">\n\t\t\t\t<a class=\"elementor-post__thumbnail__link\" href=\"https:\/\/mariaellingsen.is\/en\/verk\/mammamamma-17\/\" tabindex=\"-1\" ><div class=\"elementor-post__thumbnail\"><img loading=\"lazy\" decoding=\"async\" width=\"1200\" height=\"650\" src=\"https:\/\/mariaellingsen.is\/wp-content\/uploads\/2016\/02\/Leikrit-mammamammma_ft.jpg\" class=\"attachment-medium_large size-medium_large wp-image-330\" alt=\"\" srcset=\"https:\/\/mariaellingsen.is\/wp-content\/uploads\/2016\/02\/Leikrit-mammamammma_ft.jpg 1200w, https:\/\/mariaellingsen.is\/wp-content\/uploads\/2016\/02\/Leikrit-mammamammma_ft-300x163.jpg 300w, https:\/\/mariaellingsen.is\/wp-content\/uploads\/2016\/02\/Leikrit-mammamammma_ft-1024x555.jpg 1024w, https:\/\/mariaellingsen.is\/wp-content\/uploads\/2016\/02\/Leikrit-mammamammma_ft-100x54.jpg 100w\" sizes=\"(max-width: 1200px) 100vw, 1200px\" \/><\/div><\/a>\n\t\t\t\t<div class=\"elementor-post__text\">\n\t\t\t\t<h1 class=\"elementor-post__title\">\n\t\t\t<a href=\"https:\/\/mariaellingsen.is\/en\/verk\/mammamamma-17\/\" >\n\t\t\t\tMammamamma\t\t\t<\/a>\n\t\t<\/h1>\n\t\t\t\t<\/div>\n\t\t\t\t\t<\/div>\n\t\t<\/article>\n\t\t\t\t<article class=\"elementor-post elementor-grid-item post-671 verk type-verk status-publish has-post-thumbnail hentry flokkar-hofundur flokkar-leikstjori flokkar-verk\" role=\"listitem\">\n\t\t\t<div class=\"elementor-post__card\">\n\t\t\t\t<a class=\"elementor-post__thumbnail__link\" href=\"https:\/\/mariaellingsen.is\/en\/verk\/saelueyjan\/\" tabindex=\"-1\" ><div class=\"elementor-post__thumbnail\"><img loading=\"lazy\" decoding=\"async\" width=\"1200\" height=\"650\" src=\"https:\/\/mariaellingsen.is\/wp-content\/uploads\/2007\/01\/saelueyjan-featured.jpg\" class=\"attachment-medium_large size-medium_large wp-image-703\" alt=\"\" srcset=\"https:\/\/mariaellingsen.is\/wp-content\/uploads\/2007\/01\/saelueyjan-featured.jpg 1200w, https:\/\/mariaellingsen.is\/wp-content\/uploads\/2007\/01\/saelueyjan-featured-255x138.jpg 255w, https:\/\/mariaellingsen.is\/wp-content\/uploads\/2007\/01\/saelueyjan-featured-100x54.jpg 100w\" sizes=\"(max-width: 1200px) 100vw, 1200px\" \/><\/div><\/a>\n\t\t\t\t<div class=\"elementor-post__text\">\n\t\t\t\t<h1 class=\"elementor-post__title\">\n\t\t\t<a href=\"https:\/\/mariaellingsen.is\/en\/verk\/saelueyjan\/\" >\n\t\t\t\tS\u00e6lueyjan\t\t\t<\/a>\n\t\t<\/h1>\n\t\t\t\t<\/div>\n\t\t\t\t\t<\/div>\n\t\t<\/article>\n\t\t\t\t<article class=\"elementor-post elementor-grid-item post-244 verk type-verk status-publish has-post-thumbnail hentry flokkar-hofundur flokkar-leikstjori flokkar-leikverk flokkar-myndband flokkar-verk\" role=\"listitem\">\n\t\t\t<div class=\"elementor-post__card\">\n\t\t\t\t<a class=\"elementor-post__thumbnail__link\" href=\"https:\/\/mariaellingsen.is\/en\/verk\/ulfhamssaga-21\/\" tabindex=\"-1\" ><div class=\"elementor-post__thumbnail\"><img loading=\"lazy\" decoding=\"async\" width=\"1200\" height=\"650\" src=\"https:\/\/mariaellingsen.is\/wp-content\/uploads\/2016\/02\/Ulfhamssaga-featured.jpg\" class=\"attachment-medium_large size-medium_large wp-image-686\" alt=\"\" srcset=\"https:\/\/mariaellingsen.is\/wp-content\/uploads\/2016\/02\/Ulfhamssaga-featured.jpg 1200w, https:\/\/mariaellingsen.is\/wp-content\/uploads\/2016\/02\/Ulfhamssaga-featured-255x138.jpg 255w, https:\/\/mariaellingsen.is\/wp-content\/uploads\/2016\/02\/Ulfhamssaga-featured-100x54.jpg 100w\" sizes=\"(max-width: 1200px) 100vw, 1200px\" \/><\/div><\/a>\n\t\t\t\t<div class=\"elementor-post__text\">\n\t\t\t\t<h1 class=\"elementor-post__title\">\n\t\t\t<a href=\"https:\/\/mariaellingsen.is\/en\/verk\/ulfhamssaga-21\/\" >\n\t\t\t\t\u00dalfhamssaga\t\t\t<\/a>\n\t\t<\/h1>\n\t\t\t\t<\/div>\n\t\t\t\t\t<\/div>\n\t\t<\/article>\n\t\t\t\t<article class=\"elementor-post elementor-grid-item post-630 verk type-verk status-publish has-post-thumbnail hentry flokkar-hofundur flokkar-um-hofundinn\" role=\"listitem\">\n\t\t\t<div class=\"elementor-post__card\">\n\t\t\t\t<a class=\"elementor-post__thumbnail__link\" href=\"https:\/\/mariaellingsen.is\/en\/verk\/um-hofundinn\/\" tabindex=\"-1\" ><div class=\"elementor-post__thumbnail\"><img loading=\"lazy\" decoding=\"async\" width=\"1200\" height=\"650\" src=\"https:\/\/mariaellingsen.is\/wp-content\/uploads\/2020\/04\/ME-Um-Hofundinn-cover.jpg\" class=\"attachment-medium_large size-medium_large wp-image-3896\" alt=\"\" srcset=\"https:\/\/mariaellingsen.is\/wp-content\/uploads\/2020\/04\/ME-Um-Hofundinn-cover.jpg 1200w, https:\/\/mariaellingsen.is\/wp-content\/uploads\/2020\/04\/ME-Um-Hofundinn-cover-255x138.jpg 255w, https:\/\/mariaellingsen.is\/wp-content\/uploads\/2020\/04\/ME-Um-Hofundinn-cover-18x10.jpg 18w\" sizes=\"(max-width: 1200px) 100vw, 1200px\" \/><\/div><\/a>\n\t\t\t\t<div class=\"elementor-post__text\">\n\t\t\t\t<h1 class=\"elementor-post__title\">\n\t\t\t<a href=\"https:\/\/mariaellingsen.is\/en\/verk\/um-hofundinn\/\" >\n\t\t\t\tUm h\u00f6fundinn\t\t\t<\/a>\n\t\t<\/h1>\n\t\t\t\t<\/div>\n\t\t\t\t\t<\/div>\n\t\t<\/article>\n\t\t\t\t<\/div>\n\t\t\n\t\t\t\t\t\t<\/div>\n\t\t\t\t<\/div>\n\t\t\t\t\t<\/div>\n\t\t<\/div>\n\t\t\t\t\t<\/div>\n\t\t<\/section>\n\t\t\t\t<\/div>","protected":false},"excerpt":{"rendered":"<p>H\u00f6fundur filter Allt Um h\u00f6fundinn<\/p>","protected":false},"author":4,"featured_media":0,"parent":0,"menu_order":0,"comment_status":"closed","ping_status":"closed","template":"","meta":{"footnotes":""},"flokkar":[],"class_list":["post-653","page","type-page","status-publish","hentry"],"_links":{"self":[{"href":"https:\/\/mariaellingsen.is\/en\/wp-json\/wp\/v2\/pages\/653","targetHints":{"allow":["GET"]}}],"collection":[{"href":"https:\/\/mariaellingsen.is\/en\/wp-json\/wp\/v2\/pages"}],"about":[{"href":"https:\/\/mariaellingsen.is\/en\/wp-json\/wp\/v2\/types\/page"}],"author":[{"embeddable":true,"href":"https:\/\/mariaellingsen.is\/en\/wp-json\/wp\/v2\/users\/4"}],"replies":[{"embeddable":true,"href":"https:\/\/mariaellingsen.is\/en\/wp-json\/wp\/v2\/comments?post=653"}],"version-history":[{"count":79,"href":"https:\/\/mariaellingsen.is\/en\/wp-json\/wp\/v2\/pages\/653\/revisions"}],"predecessor-version":[{"id":4154,"href":"https:\/\/mariaellingsen.is\/en\/wp-json\/wp\/v2\/pages\/653\/revisions\/4154"}],"wp:attachment":[{"href":"https:\/\/mariaellingsen.is\/en\/wp-json\/wp\/v2\/media?parent=653"}],"wp:term":[{"taxonomy":"flokkar","embeddable":true,"href":"https:\/\/mariaellingsen.is\/en\/wp-json\/wp\/v2\/flokkar?post=653"}],"curies":[{"name":"wp","href":"https:\/\/api.w.org\/{rel}","templated":true}]}}