{"id":644,"date":"2016-05-20T10:01:02","date_gmt":"2016-05-20T10:01:02","guid":{"rendered":"http:\/\/mariaellingsen.is\/?page_id=644"},"modified":"2026-01-18T23:31:33","modified_gmt":"2026-01-18T23:31:33","slug":"leikstjori","status":"publish","type":"page","link":"https:\/\/mariaellingsen.is\/en\/leikstjori\/","title":{"rendered":"Director"},"content":{"rendered":"<div data-elementor-type=\"wp-page\" data-elementor-id=\"644\" class=\"elementor elementor-644\" data-elementor-post-type=\"page\">\n\t\t\t\t\t\t<section class=\"elementor-section elementor-top-section elementor-element elementor-element-3728ed66 elementor-section-boxed elementor-section-height-default elementor-section-height-default\" data-id=\"3728ed66\" data-element_type=\"section\" data-e-type=\"section\">\n\t\t\t\t\t\t<div class=\"elementor-container elementor-column-gap-default\">\n\t\t\t\t\t<div class=\"elementor-column elementor-col-100 elementor-top-column elementor-element elementor-element-5800f141\" data-id=\"5800f141\" data-element_type=\"column\" data-e-type=\"column\">\n\t\t\t<div class=\"elementor-widget-wrap elementor-element-populated\">\n\t\t\t\t\t\t<div class=\"elementor-element elementor-element-264fd454 elementor-widget-divider--view-line elementor-widget elementor-widget-divider\" data-id=\"264fd454\" data-element_type=\"widget\" data-e-type=\"widget\" data-widget_type=\"divider.default\">\n\t\t\t\t<div class=\"elementor-widget-container\">\n\t\t\t\t\t\t\t<div class=\"elementor-divider\">\n\t\t\t<span class=\"elementor-divider-separator\">\n\t\t\t\t\t\t<\/span>\n\t\t<\/div>\n\t\t\t\t\t\t<\/div>\n\t\t\t\t<\/div>\n\t\t\t\t\t<\/div>\n\t\t<\/div>\n\t\t\t\t\t<\/div>\n\t\t<\/section>\n\t\t\t\t<section class=\"elementor-section elementor-top-section elementor-element elementor-element-376032c elementor-section-boxed elementor-section-height-default elementor-section-height-default\" data-id=\"376032c\" data-element_type=\"section\" data-e-type=\"section\">\n\t\t\t\t\t\t<div class=\"elementor-container elementor-column-gap-default\">\n\t\t\t\t\t<div class=\"elementor-column elementor-col-100 elementor-top-column elementor-element elementor-element-8fe5053\" data-id=\"8fe5053\" data-element_type=\"column\" data-e-type=\"column\">\n\t\t\t<div class=\"elementor-widget-wrap elementor-element-populated\">\n\t\t\t\t\t\t<div class=\"elementor-element elementor-element-4d8fbe1 elementor-widget elementor-widget-jet-smart-filters-color-image\" data-id=\"4d8fbe1\" data-element_type=\"widget\" data-e-type=\"widget\" data-widget_type=\"jet-smart-filters-color-image.default\">\n\t\t\t\t<div class=\"elementor-widget-container\">\n\t\t\t\t\t<div class=\"jet-smart-filters-color-image jet-filter\" data-indexer-rule=\"show\" data-show-counter=\"\" data-change-counter=\"always\"><div class=\"jet-color-image-list\" data-query-type=\"tax_query\" data-query-var=\"flokkar\" data-smart-filter=\"color-image\" data-filter-id=\"2328\" data-apply-type=\"ajax\" data-content-provider=\"epro-posts\" data-additional-providers=\"\" data-query-id=\"default\" data-active-label=\"leikstjori-filter\" data-layout-options=\"{&quot;show_label&quot;:&quot;&quot;,&quot;display_options&quot;:{&quot;show_items_label&quot;:&quot;yes&quot;,&quot;show_decorator&quot;:false,&quot;filter_image_size&quot;:&quot;full&quot;,&quot;show_counter&quot;:false}}\" data-query-var-suffix=\"\" data-apply-on=\"value\"><form class=\"jet-color-image-list-wrapper\" action=\"\"><fieldset><legend style=\"display:none;\">Leikstj\u00f3ri filter<\/legend><div class=\"jet-color-image-list__row jet-filter-row\">\n\t<label class=\"jet-color-image-list__item\" >\n\t\t<input\n\t\t\ttype=\"radio\"\n\t\t\tclass=\"jet-color-image-list__input\"\n\t\t\tname=\"flokkar\"\n\t\t\tvalue=\"54\"\n\t\t\tdata-label=\"Allt\"\n\t\t\t\t\t\taria-label=\"Allt\"\n\t\t\t\t\t>\n\t\t<div class=\"jet-color-image-list__button\">\n\t\t\t\t\t\t\t<span class=\"jet-color-image-list__decorator\">\n\t\t\t\t\t\t\t\t\t\t\t<span class=\"jet-color-image-list__color\" style=\"background-color: \"><\/span>\n\t\t\t\t\t\t\t\t\t\t\t\t\t\t<\/span>\n\t\t\t\t\t\t\t\t\t\t<span class=\"jet-color-image-list__label\">Allt<\/span>\n\t\t\t\t\t\t\t\t<\/div>\n\t<\/label>\n<\/div><div class=\"jet-color-image-list__row jet-filter-row\">\n\t<label class=\"jet-color-image-list__item\" >\n\t\t<input\n\t\t\ttype=\"radio\"\n\t\t\tclass=\"jet-color-image-list__input\"\n\t\t\tname=\"flokkar\"\n\t\t\tvalue=\"55\"\n\t\t\tdata-label=\"Um leikstj\u00f3rann\"\n\t\t\t\t\t\taria-label=\"Um leikstj\u00f3rann\"\n\t\t\t\t\t>\n\t\t<div class=\"jet-color-image-list__button\">\n\t\t\t\t\t\t\t<span class=\"jet-color-image-list__decorator\">\n\t\t\t\t\t\t\t\t\t\t\t<span class=\"jet-color-image-list__color\" style=\"background-color: \"><\/span>\n\t\t\t\t\t\t\t\t\t\t\t\t\t\t<\/span>\n\t\t\t\t\t\t\t\t\t\t<span class=\"jet-color-image-list__label\">Um leikstj\u00f3rann<\/span>\n\t\t\t\t\t\t\t\t<\/div>\n\t<\/label>\n<\/div><div class=\"jet-color-image-list__row jet-filter-row\">\n\t<label class=\"jet-color-image-list__item\" >\n\t\t<input\n\t\t\ttype=\"radio\"\n\t\t\tclass=\"jet-color-image-list__input\"\n\t\t\tname=\"flokkar\"\n\t\t\tvalue=\"56\"\n\t\t\tdata-label=\"Verk\"\n\t\t\t\t\t\taria-label=\"Verk\"\n\t\t\t\t\t>\n\t\t<div class=\"jet-color-image-list__button\">\n\t\t\t\t\t\t\t<span class=\"jet-color-image-list__decorator\">\n\t\t\t\t\t\t\t\t\t\t\t<span class=\"jet-color-image-list__color\" style=\"background-color: \"><\/span>\n\t\t\t\t\t\t\t\t\t\t\t\t\t\t<\/span>\n\t\t\t\t\t\t\t\t\t\t<span class=\"jet-color-image-list__label\">Verk<\/span>\n\t\t\t\t\t\t\t\t<\/div>\n\t<\/label>\n<\/div><\/fieldset><input type=\"hidden\" name=\"trp-form-language\" value=\"en\"\/><\/form><\/div>\n<\/div>\t\t\t\t<\/div>\n\t\t\t\t<\/div>\n\t\t\t\t\t<\/div>\n\t\t<\/div>\n\t\t\t\t\t<\/div>\n\t\t<\/section>\n\t\t\t\t<section class=\"elementor-section elementor-top-section elementor-element elementor-element-f3cde52 elementor-section-boxed elementor-section-height-default elementor-section-height-default\" data-id=\"f3cde52\" data-element_type=\"section\" data-e-type=\"section\">\n\t\t\t\t\t\t<div class=\"elementor-container elementor-column-gap-default\">\n\t\t\t\t\t<div class=\"elementor-column elementor-col-100 elementor-top-column elementor-element elementor-element-9851199\" data-id=\"9851199\" data-element_type=\"column\" data-e-type=\"column\">\n\t\t\t<div class=\"elementor-widget-wrap elementor-element-populated\">\n\t\t\t\t\t\t<div class=\"elementor-element elementor-element-6cea0b9 elementor-grid-3 elementor-grid-tablet-2 elementor-grid-mobile-1 elementor-posts--thumbnail-top elementor-card-shadow-yes elementor-posts__hover-gradient elementor-widget elementor-widget-posts\" data-id=\"6cea0b9\" data-element_type=\"widget\" data-e-type=\"widget\" data-settings=\"{&quot;cards_row_gap&quot;:{&quot;unit&quot;:&quot;px&quot;,&quot;size&quot;:20,&quot;sizes&quot;:[]},&quot;cards_columns&quot;:&quot;3&quot;,&quot;cards_columns_tablet&quot;:&quot;2&quot;,&quot;cards_columns_mobile&quot;:&quot;1&quot;,&quot;cards_row_gap_tablet&quot;:{&quot;unit&quot;:&quot;px&quot;,&quot;size&quot;:&quot;&quot;,&quot;sizes&quot;:[]},&quot;cards_row_gap_mobile&quot;:{&quot;unit&quot;:&quot;px&quot;,&quot;size&quot;:&quot;&quot;,&quot;sizes&quot;:[]}}\" data-widget_type=\"posts.cards\">\n\t\t\t\t<div class=\"elementor-widget-container\">\n\t\t\t\t\t\t\t<div class=\"elementor-posts-container elementor-posts elementor-posts--skin-cards elementor-grid\" role=\"list\">\n\t\t\t\t<article class=\"elementor-post elementor-grid-item post-628 verk type-verk status-publish has-post-thumbnail hentry flokkar-leikstjori flokkar-um-leikstjorann\" role=\"listitem\">\n\t\t\t<div class=\"elementor-post__card\">\n\t\t\t\t<a class=\"elementor-post__thumbnail__link\" href=\"https:\/\/mariaellingsen.is\/en\/verk\/um-leikstjorann\/\" tabindex=\"-1\" ><div class=\"elementor-post__thumbnail\"><img fetchpriority=\"high\" decoding=\"async\" width=\"1200\" height=\"675\" src=\"https:\/\/mariaellingsen.is\/wp-content\/uploads\/2016\/05\/ME-Leikstjori-Cover.jpg\" class=\"attachment-medium_large size-medium_large wp-image-3895\" alt=\"\" srcset=\"https:\/\/mariaellingsen.is\/wp-content\/uploads\/2016\/05\/ME-Leikstjori-Cover.jpg 1200w, https:\/\/mariaellingsen.is\/wp-content\/uploads\/2016\/05\/ME-Leikstjori-Cover-255x143.jpg 255w, https:\/\/mariaellingsen.is\/wp-content\/uploads\/2016\/05\/ME-Leikstjori-Cover-1156x650.jpg 1156w, https:\/\/mariaellingsen.is\/wp-content\/uploads\/2016\/05\/ME-Leikstjori-Cover-18x10.jpg 18w\" sizes=\"(max-width: 1200px) 100vw, 1200px\" \/><\/div><\/a>\n\t\t\t\t<div class=\"elementor-post__text\">\n\t\t\t\t<h1 class=\"elementor-post__title\">\n\t\t\t<a href=\"https:\/\/mariaellingsen.is\/en\/verk\/um-leikstjorann\/\" >\n\t\t\t\tUm leikstj\u00f3rann\t\t\t<\/a>\n\t\t<\/h1>\n\t\t\t\t<\/div>\n\t\t\t\t\t<\/div>\n\t\t<\/article>\n\t\t\t\t<article class=\"elementor-post elementor-grid-item post-4045 verk type-verk status-publish has-post-thumbnail hentry flokkar-leikstjori flokkar-myndband flokkar-verk\" role=\"listitem\">\n\t\t\t<div class=\"elementor-post__card\">\n\t\t\t\t<a class=\"elementor-post__thumbnail__link\" href=\"https:\/\/mariaellingsen.is\/en\/verk\/jonsmessunaeturdraumur\/\" tabindex=\"-1\" ><div class=\"elementor-post__thumbnail\"><img decoding=\"async\" width=\"2000\" height=\"1500\" src=\"https:\/\/mariaellingsen.is\/wp-content\/uploads\/2026\/01\/CLD250918_A1B8995.jpg\" class=\"attachment-medium_large size-medium_large wp-image-4115\" alt=\"\" srcset=\"https:\/\/mariaellingsen.is\/wp-content\/uploads\/2026\/01\/CLD250918_A1B8995.jpg 2000w, https:\/\/mariaellingsen.is\/wp-content\/uploads\/2026\/01\/CLD250918_A1B8995-255x191.jpg 255w, https:\/\/mariaellingsen.is\/wp-content\/uploads\/2026\/01\/CLD250918_A1B8995-867x650.jpg 867w, https:\/\/mariaellingsen.is\/wp-content\/uploads\/2026\/01\/CLD250918_A1B8995-1536x1152.jpg 1536w, https:\/\/mariaellingsen.is\/wp-content\/uploads\/2026\/01\/CLD250918_A1B8995-16x12.jpg 16w\" sizes=\"(max-width: 2000px) 100vw, 2000px\" \/><\/div><\/a>\n\t\t\t\t<div class=\"elementor-post__text\">\n\t\t\t\t<h1 class=\"elementor-post__title\">\n\t\t\t<a href=\"https:\/\/mariaellingsen.is\/en\/verk\/jonsmessunaeturdraumur\/\" >\n\t\t\t\tJ\u00f3nsmessun\u00e6turdraumur\t\t\t<\/a>\n\t\t<\/h1>\n\t\t\t\t<\/div>\n\t\t\t\t\t<\/div>\n\t\t<\/article>\n\t\t\t\t<article class=\"elementor-post elementor-grid-item post-3989 verk type-verk status-publish has-post-thumbnail hentry flokkar-leikstjori flokkar-verk\" role=\"listitem\">\n\t\t\t<div class=\"elementor-post__card\">\n\t\t\t\t<a class=\"elementor-post__thumbnail__link\" href=\"https:\/\/mariaellingsen.is\/en\/verk\/af-fjollum-er-eg-kominn\/\" tabindex=\"-1\" ><div class=\"elementor-post__thumbnail\"><img decoding=\"async\" width=\"2048\" height=\"1364\" src=\"https:\/\/mariaellingsen.is\/wp-content\/uploads\/2025\/02\/Af-fjollum-main.jpg\" class=\"attachment-medium_large size-medium_large wp-image-3973\" alt=\"\" srcset=\"https:\/\/mariaellingsen.is\/wp-content\/uploads\/2025\/02\/Af-fjollum-main.jpg 2048w, https:\/\/mariaellingsen.is\/wp-content\/uploads\/2025\/02\/Af-fjollum-main-255x170.jpg 255w, https:\/\/mariaellingsen.is\/wp-content\/uploads\/2025\/02\/Af-fjollum-main-976x650.jpg 976w, https:\/\/mariaellingsen.is\/wp-content\/uploads\/2025\/02\/Af-fjollum-main-1536x1023.jpg 1536w, https:\/\/mariaellingsen.is\/wp-content\/uploads\/2025\/02\/Af-fjollum-main-18x12.jpg 18w\" sizes=\"(max-width: 2048px) 100vw, 2048px\" \/><\/div><\/a>\n\t\t\t\t<div class=\"elementor-post__text\">\n\t\t\t\t<h1 class=\"elementor-post__title\">\n\t\t\t<a href=\"https:\/\/mariaellingsen.is\/en\/verk\/af-fjollum-er-eg-kominn\/\" >\n\t\t\t\tAf fj\u00f6llum er \u00e9g kominn\t\t\t<\/a>\n\t\t<\/h1>\n\t\t\t\t<\/div>\n\t\t\t\t\t<\/div>\n\t\t<\/article>\n\t\t\t\t<article class=\"elementor-post elementor-grid-item post-3847 verk type-verk status-publish has-post-thumbnail hentry flokkar-hofundur flokkar-leikstjori flokkar-leikverk flokkar-verk\" role=\"listitem\">\n\t\t\t<div class=\"elementor-post__card\">\n\t\t\t\t<a class=\"elementor-post__thumbnail__link\" href=\"https:\/\/mariaellingsen.is\/en\/verk\/hatidarsyning-nordic-ljus-2014\/\" tabindex=\"-1\" ><div class=\"elementor-post__thumbnail\"><img loading=\"lazy\" decoding=\"async\" width=\"2048\" height=\"1140\" src=\"https:\/\/mariaellingsen.is\/wp-content\/uploads\/2023\/04\/10496033_480408945429790_3606631305583262776_o-2.jpg\" class=\"attachment-medium_large size-medium_large wp-image-3843\" alt=\"\" srcset=\"https:\/\/mariaellingsen.is\/wp-content\/uploads\/2023\/04\/10496033_480408945429790_3606631305583262776_o-2.jpg 2048w, https:\/\/mariaellingsen.is\/wp-content\/uploads\/2023\/04\/10496033_480408945429790_3606631305583262776_o-2-255x142.jpg 255w, https:\/\/mariaellingsen.is\/wp-content\/uploads\/2023\/04\/10496033_480408945429790_3606631305583262776_o-2-1168x650.jpg 1168w, https:\/\/mariaellingsen.is\/wp-content\/uploads\/2023\/04\/10496033_480408945429790_3606631305583262776_o-2-1536x855.jpg 1536w, https:\/\/mariaellingsen.is\/wp-content\/uploads\/2023\/04\/10496033_480408945429790_3606631305583262776_o-2-18x10.jpg 18w\" sizes=\"(max-width: 2048px) 100vw, 2048px\" \/><\/div><\/a>\n\t\t\t\t<div class=\"elementor-post__text\">\n\t\t\t\t<h1 class=\"elementor-post__title\">\n\t\t\t<a href=\"https:\/\/mariaellingsen.is\/en\/verk\/hatidarsyning-nordic-ljus-2014\/\" >\n\t\t\t\tH\u00e1t\u00ed\u00f0ars\u00fdning Nordic Ljus\t\t\t<\/a>\n\t\t<\/h1>\n\t\t\t\t<\/div>\n\t\t\t\t\t<\/div>\n\t\t<\/article>\n\t\t\t\t<article class=\"elementor-post elementor-grid-item post-1297 verk type-verk status-publish has-post-thumbnail hentry flokkar-hofundur flokkar-leikari flokkar-leikhus flokkar-leikstjori flokkar-leikverk flokkar-verk\" role=\"listitem\">\n\t\t\t<div class=\"elementor-post__card\">\n\t\t\t\t<a class=\"elementor-post__thumbnail__link\" href=\"https:\/\/mariaellingsen.is\/en\/verk\/ferdalag-fonixins\/\" tabindex=\"-1\" ><div class=\"elementor-post__thumbnail\"><img loading=\"lazy\" decoding=\"async\" width=\"1200\" height=\"650\" src=\"https:\/\/mariaellingsen.is\/wp-content\/uploads\/2011\/05\/Fonix.jpg\" class=\"attachment-medium_large size-medium_large wp-image-1300\" alt=\"\" srcset=\"https:\/\/mariaellingsen.is\/wp-content\/uploads\/2011\/05\/Fonix.jpg 1200w, https:\/\/mariaellingsen.is\/wp-content\/uploads\/2011\/05\/Fonix-255x138.jpg 255w, https:\/\/mariaellingsen.is\/wp-content\/uploads\/2011\/05\/Fonix-100x54.jpg 100w\" sizes=\"(max-width: 1200px) 100vw, 1200px\" \/><\/div><\/a>\n\t\t\t\t<div class=\"elementor-post__text\">\n\t\t\t\t<h1 class=\"elementor-post__title\">\n\t\t\t<a href=\"https:\/\/mariaellingsen.is\/en\/verk\/ferdalag-fonixins\/\" >\n\t\t\t\tFer\u00f0alag F\u00f6nixins\t\t\t<\/a>\n\t\t<\/h1>\n\t\t\t\t<\/div>\n\t\t\t\t\t<\/div>\n\t\t<\/article>\n\t\t\t\t<article class=\"elementor-post elementor-grid-item post-661 verk type-verk status-publish has-post-thumbnail hentry flokkar-leikstjori flokkar-verk\" role=\"listitem\">\n\t\t\t<div class=\"elementor-post__card\">\n\t\t\t\t<a class=\"elementor-post__thumbnail__link\" href=\"https:\/\/mariaellingsen.is\/en\/verk\/ferdasaga-gudridar\/\" tabindex=\"-1\" ><div class=\"elementor-post__thumbnail\"><img loading=\"lazy\" decoding=\"async\" width=\"1200\" height=\"650\" src=\"https:\/\/mariaellingsen.is\/wp-content\/uploads\/2016\/05\/Ferdasaga-gudridar.jpg\" class=\"attachment-medium_large size-medium_large wp-image-664\" alt=\"\" srcset=\"https:\/\/mariaellingsen.is\/wp-content\/uploads\/2016\/05\/Ferdasaga-gudridar.jpg 1200w, https:\/\/mariaellingsen.is\/wp-content\/uploads\/2016\/05\/Ferdasaga-gudridar-255x138.jpg 255w, https:\/\/mariaellingsen.is\/wp-content\/uploads\/2016\/05\/Ferdasaga-gudridar-100x54.jpg 100w\" sizes=\"(max-width: 1200px) 100vw, 1200px\" \/><\/div><\/a>\n\t\t\t\t<div class=\"elementor-post__text\">\n\t\t\t\t<h1 class=\"elementor-post__title\">\n\t\t\t<a href=\"https:\/\/mariaellingsen.is\/en\/verk\/ferdasaga-gudridar\/\" >\n\t\t\t\tFer\u00f0asaga Gu\u00f0r\u00ed\u00f0ar\t\t\t<\/a>\n\t\t<\/h1>\n\t\t\t\t<\/div>\n\t\t\t\t\t<\/div>\n\t\t<\/article>\n\t\t\t\t<article class=\"elementor-post elementor-grid-item post-666 verk type-verk status-publish has-post-thumbnail hentry flokkar-leikstjori flokkar-myndband flokkar-verk\" role=\"listitem\">\n\t\t\t<div class=\"elementor-post__card\">\n\t\t\t\t<a class=\"elementor-post__thumbnail__link\" href=\"https:\/\/mariaellingsen.is\/en\/verk\/eg-heiti-rachel-corrie\/\" tabindex=\"-1\" ><div class=\"elementor-post__thumbnail\"><img loading=\"lazy\" decoding=\"async\" width=\"1200\" height=\"650\" src=\"https:\/\/mariaellingsen.is\/wp-content\/uploads\/2009\/03\/rachel-featured.jpg\" class=\"attachment-medium_large size-medium_large wp-image-1537\" alt=\"\" srcset=\"https:\/\/mariaellingsen.is\/wp-content\/uploads\/2009\/03\/rachel-featured.jpg 1200w, https:\/\/mariaellingsen.is\/wp-content\/uploads\/2009\/03\/rachel-featured-255x138.jpg 255w, https:\/\/mariaellingsen.is\/wp-content\/uploads\/2009\/03\/rachel-featured-100x54.jpg 100w\" sizes=\"(max-width: 1200px) 100vw, 1200px\" \/><\/div><\/a>\n\t\t\t\t<div class=\"elementor-post__text\">\n\t\t\t\t<h1 class=\"elementor-post__title\">\n\t\t\t<a href=\"https:\/\/mariaellingsen.is\/en\/verk\/eg-heiti-rachel-corrie\/\" >\n\t\t\t\t\u00c9g heiti Rachel Corrie\t\t\t<\/a>\n\t\t<\/h1>\n\t\t\t\t<\/div>\n\t\t\t\t\t<\/div>\n\t\t<\/article>\n\t\t\t\t<article class=\"elementor-post elementor-grid-item post-329 verk type-verk status-publish has-post-thumbnail hentry flokkar-hofundur flokkar-leikari flokkar-leikhus flokkar-leikstjori flokkar-leikverk flokkar-verk\" role=\"listitem\">\n\t\t\t<div class=\"elementor-post__card\">\n\t\t\t\t<a class=\"elementor-post__thumbnail__link\" href=\"https:\/\/mariaellingsen.is\/en\/verk\/mammamamma-17\/\" tabindex=\"-1\" ><div class=\"elementor-post__thumbnail\"><img loading=\"lazy\" decoding=\"async\" width=\"1200\" height=\"650\" src=\"https:\/\/mariaellingsen.is\/wp-content\/uploads\/2016\/02\/Leikrit-mammamammma_ft.jpg\" class=\"attachment-medium_large size-medium_large wp-image-330\" alt=\"\" srcset=\"https:\/\/mariaellingsen.is\/wp-content\/uploads\/2016\/02\/Leikrit-mammamammma_ft.jpg 1200w, https:\/\/mariaellingsen.is\/wp-content\/uploads\/2016\/02\/Leikrit-mammamammma_ft-300x163.jpg 300w, https:\/\/mariaellingsen.is\/wp-content\/uploads\/2016\/02\/Leikrit-mammamammma_ft-1024x555.jpg 1024w, https:\/\/mariaellingsen.is\/wp-content\/uploads\/2016\/02\/Leikrit-mammamammma_ft-100x54.jpg 100w\" sizes=\"(max-width: 1200px) 100vw, 1200px\" \/><\/div><\/a>\n\t\t\t\t<div class=\"elementor-post__text\">\n\t\t\t\t<h1 class=\"elementor-post__title\">\n\t\t\t<a href=\"https:\/\/mariaellingsen.is\/en\/verk\/mammamamma-17\/\" >\n\t\t\t\tMammamamma\t\t\t<\/a>\n\t\t<\/h1>\n\t\t\t\t<\/div>\n\t\t\t\t\t<\/div>\n\t\t<\/article>\n\t\t\t\t<article class=\"elementor-post elementor-grid-item post-671 verk type-verk status-publish has-post-thumbnail hentry flokkar-hofundur flokkar-leikstjori flokkar-verk\" role=\"listitem\">\n\t\t\t<div class=\"elementor-post__card\">\n\t\t\t\t<a class=\"elementor-post__thumbnail__link\" href=\"https:\/\/mariaellingsen.is\/en\/verk\/saelueyjan\/\" tabindex=\"-1\" ><div class=\"elementor-post__thumbnail\"><img loading=\"lazy\" decoding=\"async\" width=\"1200\" height=\"650\" src=\"https:\/\/mariaellingsen.is\/wp-content\/uploads\/2007\/01\/saelueyjan-featured.jpg\" class=\"attachment-medium_large size-medium_large wp-image-703\" alt=\"\" srcset=\"https:\/\/mariaellingsen.is\/wp-content\/uploads\/2007\/01\/saelueyjan-featured.jpg 1200w, https:\/\/mariaellingsen.is\/wp-content\/uploads\/2007\/01\/saelueyjan-featured-255x138.jpg 255w, https:\/\/mariaellingsen.is\/wp-content\/uploads\/2007\/01\/saelueyjan-featured-100x54.jpg 100w\" sizes=\"(max-width: 1200px) 100vw, 1200px\" \/><\/div><\/a>\n\t\t\t\t<div class=\"elementor-post__text\">\n\t\t\t\t<h1 class=\"elementor-post__title\">\n\t\t\t<a href=\"https:\/\/mariaellingsen.is\/en\/verk\/saelueyjan\/\" >\n\t\t\t\tS\u00e6lueyjan\t\t\t<\/a>\n\t\t<\/h1>\n\t\t\t\t<\/div>\n\t\t\t\t\t<\/div>\n\t\t<\/article>\n\t\t\t\t<article class=\"elementor-post elementor-grid-item post-244 verk type-verk status-publish has-post-thumbnail hentry flokkar-hofundur flokkar-leikstjori flokkar-leikverk flokkar-myndband flokkar-verk\" role=\"listitem\">\n\t\t\t<div class=\"elementor-post__card\">\n\t\t\t\t<a class=\"elementor-post__thumbnail__link\" href=\"https:\/\/mariaellingsen.is\/en\/verk\/ulfhamssaga-21\/\" tabindex=\"-1\" ><div class=\"elementor-post__thumbnail\"><img loading=\"lazy\" decoding=\"async\" width=\"1200\" height=\"650\" src=\"https:\/\/mariaellingsen.is\/wp-content\/uploads\/2016\/02\/Ulfhamssaga-featured.jpg\" class=\"attachment-medium_large size-medium_large wp-image-686\" alt=\"\" srcset=\"https:\/\/mariaellingsen.is\/wp-content\/uploads\/2016\/02\/Ulfhamssaga-featured.jpg 1200w, https:\/\/mariaellingsen.is\/wp-content\/uploads\/2016\/02\/Ulfhamssaga-featured-255x138.jpg 255w, https:\/\/mariaellingsen.is\/wp-content\/uploads\/2016\/02\/Ulfhamssaga-featured-100x54.jpg 100w\" sizes=\"(max-width: 1200px) 100vw, 1200px\" \/><\/div><\/a>\n\t\t\t\t<div class=\"elementor-post__text\">\n\t\t\t\t<h1 class=\"elementor-post__title\">\n\t\t\t<a href=\"https:\/\/mariaellingsen.is\/en\/verk\/ulfhamssaga-21\/\" >\n\t\t\t\t\u00dalfhamssaga\t\t\t<\/a>\n\t\t<\/h1>\n\t\t\t\t<\/div>\n\t\t\t\t\t<\/div>\n\t\t<\/article>\n\t\t\t\t<article class=\"elementor-post elementor-grid-item post-678 verk type-verk status-publish has-post-thumbnail hentry flokkar-verk\" role=\"listitem\">\n\t\t\t<div class=\"elementor-post__card\">\n\t\t\t\t<a class=\"elementor-post__thumbnail__link\" href=\"https:\/\/mariaellingsen.is\/en\/verk\/pikusogur-med-althingiskonum\/\" tabindex=\"-1\" ><div class=\"elementor-post__thumbnail\"><img loading=\"lazy\" decoding=\"async\" width=\"1200\" height=\"650\" src=\"https:\/\/mariaellingsen.is\/wp-content\/uploads\/2003\/05\/pikusogur_vdagur.jpg\" class=\"attachment-medium_large size-medium_large wp-image-683\" alt=\"\" srcset=\"https:\/\/mariaellingsen.is\/wp-content\/uploads\/2003\/05\/pikusogur_vdagur.jpg 1200w, https:\/\/mariaellingsen.is\/wp-content\/uploads\/2003\/05\/pikusogur_vdagur-255x138.jpg 255w, https:\/\/mariaellingsen.is\/wp-content\/uploads\/2003\/05\/pikusogur_vdagur-100x54.jpg 100w\" sizes=\"(max-width: 1200px) 100vw, 1200px\" \/><\/div><\/a>\n\t\t\t\t<div class=\"elementor-post__text\">\n\t\t\t\t<h1 class=\"elementor-post__title\">\n\t\t\t<a href=\"https:\/\/mariaellingsen.is\/en\/verk\/pikusogur-med-althingiskonum\/\" >\n\t\t\t\tP\u00edkus\u00f6gur\t\t\t<\/a>\n\t\t<\/h1>\n\t\t\t\t<\/div>\n\t\t\t\t\t<\/div>\n\t\t<\/article>\n\t\t\t\t<\/div>\n\t\t\n\t\t\t\t\t\t<\/div>\n\t\t\t\t<\/div>\n\t\t\t\t\t<\/div>\n\t\t<\/div>\n\t\t\t\t\t<\/div>\n\t\t<\/section>\n\t\t\t\t<\/div>","protected":false},"excerpt":{"rendered":"<p>Leikstj\u00f3ri filter Allt Um leikstj\u00f3rann Verk<\/p>","protected":false},"author":4,"featured_media":0,"parent":0,"menu_order":0,"comment_status":"closed","ping_status":"closed","template":"","meta":{"footnotes":""},"flokkar":[],"class_list":["post-644","page","type-page","status-publish","hentry"],"_links":{"self":[{"href":"https:\/\/mariaellingsen.is\/en\/wp-json\/wp\/v2\/pages\/644","targetHints":{"allow":["GET"]}}],"collection":[{"href":"https:\/\/mariaellingsen.is\/en\/wp-json\/wp\/v2\/pages"}],"about":[{"href":"https:\/\/mariaellingsen.is\/en\/wp-json\/wp\/v2\/types\/page"}],"author":[{"embeddable":true,"href":"https:\/\/mariaellingsen.is\/en\/wp-json\/wp\/v2\/users\/4"}],"replies":[{"embeddable":true,"href":"https:\/\/mariaellingsen.is\/en\/wp-json\/wp\/v2\/comments?post=644"}],"version-history":[{"count":91,"href":"https:\/\/mariaellingsen.is\/en\/wp-json\/wp\/v2\/pages\/644\/revisions"}],"predecessor-version":[{"id":4157,"href":"https:\/\/mariaellingsen.is\/en\/wp-json\/wp\/v2\/pages\/644\/revisions\/4157"}],"wp:attachment":[{"href":"https:\/\/mariaellingsen.is\/en\/wp-json\/wp\/v2\/media?parent=644"}],"wp:term":[{"taxonomy":"flokkar","embeddable":true,"href":"https:\/\/mariaellingsen.is\/en\/wp-json\/wp\/v2\/flokkar?post=644"}],"curies":[{"name":"wp","href":"https:\/\/api.w.org\/{rel}","templated":true}]}}