{"id":256,"date":"2016-02-22T18:10:49","date_gmt":"2016-02-22T18:10:49","guid":{"rendered":"http:\/\/mariaellingsen.is\/?page_id=256"},"modified":"2025-02-23T21:18:12","modified_gmt":"2025-02-23T21:18:12","slug":"um","status":"publish","type":"page","link":"https:\/\/mariaellingsen.is\/en\/um\/","title":{"rendered":"Um"},"content":{"rendered":"\t\t<div data-elementor-type=\"wp-page\" data-elementor-id=\"256\" class=\"elementor elementor-256\" data-elementor-post-type=\"page\">\n\t\t\t\t\t\t<section class=\"elementor-section elementor-top-section elementor-element elementor-element-a2ff1fc elementor-section-height-min-height elementor-section-stretched elementor-section-content-middle elementor-section-boxed elementor-section-height-default elementor-section-items-middle\" data-id=\"a2ff1fc\" data-element_type=\"section\" data-e-type=\"section\" data-settings=\"{&quot;background_background&quot;:&quot;classic&quot;,&quot;stretch_section&quot;:&quot;section-stretched&quot;}\">\n\t\t\t\t\t\t<div class=\"elementor-container elementor-column-gap-no\">\n\t\t\t\t\t<div class=\"elementor-column elementor-col-100 elementor-top-column elementor-element elementor-element-bc2408d\" data-id=\"bc2408d\" data-element_type=\"column\" data-e-type=\"column\">\n\t\t\t<div class=\"elementor-widget-wrap\">\n\t\t\t\t\t\t\t<\/div>\n\t\t<\/div>\n\t\t\t\t\t<\/div>\n\t\t<\/section>\n\t\t\t\t<section class=\"elementor-section elementor-top-section elementor-element elementor-element-43c1ce3 elementor-section-boxed elementor-section-height-default elementor-section-height-default\" data-id=\"43c1ce3\" data-element_type=\"section\" data-e-type=\"section\">\n\t\t\t\t\t\t<div class=\"elementor-container elementor-column-gap-default\">\n\t\t\t\t\t<div class=\"elementor-column elementor-col-100 elementor-top-column elementor-element elementor-element-b835b82\" data-id=\"b835b82\" data-element_type=\"column\" data-e-type=\"column\">\n\t\t\t<div class=\"elementor-widget-wrap elementor-element-populated\">\n\t\t\t\t\t\t<div class=\"elementor-element elementor-element-bc4ed08 elementor-widget elementor-widget-heading\" data-id=\"bc4ed08\" data-element_type=\"widget\" data-e-type=\"widget\" data-widget_type=\"heading.default\">\n\t\t\t\t<div class=\"elementor-widget-container\">\n\t\t\t\t\t<h1 class=\"elementor-heading-title elementor-size-default\">Um Mar\u00edu<\/h1>\t\t\t\t<\/div>\n\t\t\t\t<\/div>\n\t\t\t\t<div class=\"elementor-element elementor-element-5ee0f36a elementor-widget elementor-widget-text-editor\" data-id=\"5ee0f36a\" data-element_type=\"widget\" data-e-type=\"widget\" data-widget_type=\"text-editor.default\">\n\t\t\t\t<div class=\"elementor-widget-container\">\n\t\t\t\t\t\t\t\t\t<p>Mar\u00eda hefur lagt stund \u00e1 leiklist fr\u00e1 sautj\u00e1n \u00e1ra aldri, \u00feegar h\u00fan l\u00e9k sitt fyrsta hlutverk \u00ed kvikmynd. H\u00fan hefur \u00e1tt fars\u00e6lan ferlin \u00e1 leiksvi\u00f0i, \u00ed sj\u00f3nvarpi og kvikmyndum, b\u00e6\u00f0i h\u00e9r heima og erlendis.<\/p><p>Mar\u00eda er hugsj\u00f3na og bar\u00e1ttukona \u00e1 svi\u00f0i n\u00e1tt\u00farverndar og samf\u00e9lagslegrar n\u00fdsk\u00f6punnar. H\u00fan er einn af stofnendum <a href=\"http:\/\/www.framtidarlandid.is\/um-framtidarlandid\/um-framtidarlandid\/\">Framt\u00ed\u00f0arlandsins<\/a> og <a href=\"http:\/\/www.audlind.org\/audlind\/\">Au\u00f0lindar N\u00e1tt\u00farusj\u00f3\u00f0s<\/a> og situr \u00fear \u00ed stj\u00f3rn. H\u00fan var ein af &#8222;maurunum&#8220; sem efndu til <a href=\"http:\/\/en.wikipedia.org\/wiki\/%C3%9Ej%C3%B3%C3%B0fundur_2009\">\u00dej\u00f3\u00f0fundarins 2009<\/a>.<\/p><p>\u00de\u00e1 hafa andleg m\u00e1l veri\u00f0 henni hugleikin og g\u00e6tir \u00fear \u00e1hrifa <a href=\"http:\/\/is.wikipedia.org\/wiki\/Haraldur_N%C3%ADelsson\">Haraldar N\u00edelssonar<\/a> langafa hennar. H\u00fan hefur starfa\u00f0 vi\u00f0 uppbyggingu barnastarfs innan kirkjunnar, sami\u00f0 fr\u00e6\u00f0sluefni, lei\u00f0beint b\u00f6rnum og ungum lei\u00f0togum. H\u00fan hefur einnig lagt stund \u00e1 j\u00f3ga fr\u00e1 unglingsaldri og gaf \u00fat <a href=\"http:\/\/www.mariaellingsen.com\/frettir\/joga\/\">mynddisk <\/a>me\u00f0 j\u00f3ga\u00e6fingum \u00fear sem h\u00fan tengdi i\u00f0kunina vi\u00f0 n\u00e1tt\u00faru \u00cdslands.<\/p>\t\t\t\t\t\t\t\t<\/div>\n\t\t\t\t<\/div>\n\t\t\t\t<div class=\"elementor-element elementor-element-e5a77bc elementor-widget elementor-widget-heading\" data-id=\"e5a77bc\" data-element_type=\"widget\" data-e-type=\"widget\" data-widget_type=\"heading.default\">\n\t\t\t\t<div class=\"elementor-widget-container\">\n\t\t\t\t\t<h1 class=\"elementor-heading-title elementor-size-default\">Hafa samband<\/h1>\t\t\t\t<\/div>\n\t\t\t\t<\/div>\n\t\t\t\t<div class=\"elementor-element elementor-element-a92515e elementor-widget elementor-widget-text-editor\" data-id=\"a92515e\" data-element_type=\"widget\" data-e-type=\"widget\" data-widget_type=\"text-editor.default\">\n\t\t\t\t<div class=\"elementor-widget-container\">\n\t\t\t\t\t\t\t\t\t<p>H\u00e6gt er a\u00f0 senda\u00a0t\u00f6lvup\u00f3st\u00a0e\u00f0a hringja \u00ed Mar\u00edu \u00ed <b>s\u00edma +354-695-2201.<\/b><\/p>\t\t\t\t\t\t\t\t<\/div>\n\t\t\t\t<\/div>\n\t\t\t\t<div class=\"elementor-element elementor-element-2ef9b34 elementor-align-left elementor-widget__width-initial elementor-mobile-align-center elementor-widget-mobile__width-inherit elementor-tablet-align-center elementor-widget elementor-widget-button\" data-id=\"2ef9b34\" data-element_type=\"widget\" data-e-type=\"widget\" data-settings=\"{&quot;motion_fx_motion_fx_scrolling&quot;:&quot;yes&quot;,&quot;motion_fx_scale_effect&quot;:&quot;yes&quot;,&quot;motion_fx_scale_direction&quot;:&quot;in-out&quot;,&quot;motion_fx_scale_speed&quot;:{&quot;unit&quot;:&quot;px&quot;,&quot;size&quot;:&quot;1&quot;,&quot;sizes&quot;:[]},&quot;motion_fx_scale_range&quot;:{&quot;unit&quot;:&quot;%&quot;,&quot;size&quot;:&quot;&quot;,&quot;sizes&quot;:{&quot;start&quot;:&quot;0&quot;,&quot;end&quot;:&quot;25&quot;}},&quot;motion_fx_devices&quot;:[&quot;desktop&quot;,&quot;tablet&quot;,&quot;mobile&quot;]}\" data-widget_type=\"button.default\">\n\t\t\t\t<div class=\"elementor-widget-container\">\n\t\t\t\t\t\t\t\t\t<div class=\"elementor-button-wrapper\">\n\t\t\t\t\t<a class=\"elementor-button elementor-button-link elementor-size-xl\" href=\"mailto:maria@mariaellingsen.is\">\n\t\t\t\t\t\t<span class=\"elementor-button-content-wrapper\">\n\t\t\t\t\t\t\t\t\t<span class=\"elementor-button-text\">Sendu Mar\u00edu t\u00f6lvup\u00f3st<\/span>\n\t\t\t\t\t<\/span>\n\t\t\t\t\t<\/a>\n\t\t\t\t<\/div>\n\t\t\t\t\t\t\t\t<\/div>\n\t\t\t\t<\/div>\n\t\t\t\t<div class=\"elementor-element elementor-element-9dbc340 elementor-align-right elementor-widget__width-initial elementor-mobile-align-center elementor-widget-mobile__width-inherit elementor-tablet-align-center elementor-widget elementor-widget-button\" data-id=\"9dbc340\" data-element_type=\"widget\" data-e-type=\"widget\" data-settings=\"{&quot;motion_fx_motion_fx_scrolling&quot;:&quot;yes&quot;,&quot;motion_fx_scale_effect&quot;:&quot;yes&quot;,&quot;motion_fx_scale_direction&quot;:&quot;in-out&quot;,&quot;motion_fx_scale_speed&quot;:{&quot;unit&quot;:&quot;px&quot;,&quot;size&quot;:&quot;1&quot;,&quot;sizes&quot;:[]},&quot;motion_fx_scale_range&quot;:{&quot;unit&quot;:&quot;%&quot;,&quot;size&quot;:&quot;&quot;,&quot;sizes&quot;:{&quot;start&quot;:&quot;0&quot;,&quot;end&quot;:&quot;25&quot;}},&quot;motion_fx_devices&quot;:[&quot;desktop&quot;,&quot;tablet&quot;,&quot;mobile&quot;]}\" data-widget_type=\"button.default\">\n\t\t\t\t<div class=\"elementor-widget-container\">\n\t\t\t\t\t\t\t\t\t<div class=\"elementor-button-wrapper\">\n\t\t\t\t\t<a class=\"elementor-button elementor-button-link elementor-size-xl\" href=\"https:\/\/mariaellingsen.is\/wp-content\/uploads\/2025\/02\/Maria-Ellingsen-CV-2025.pdf\">\n\t\t\t\t\t\t<span class=\"elementor-button-content-wrapper\">\n\t\t\t\t\t\t\t\t\t<span class=\"elementor-button-text\">S\u00e6kja CV \u00e1 PDF.<\/span>\n\t\t\t\t\t<\/span>\n\t\t\t\t\t<\/a>\n\t\t\t\t<\/div>\n\t\t\t\t\t\t\t\t<\/div>\n\t\t\t\t<\/div>\n\t\t\t\t\t<\/div>\n\t\t<\/div>\n\t\t\t\t\t<\/div>\n\t\t<\/section>\n\t\t\t\t<section class=\"elementor-section elementor-top-section elementor-element elementor-element-4ffec1b8 elementor-section-boxed elementor-section-height-default elementor-section-height-default\" data-id=\"4ffec1b8\" data-element_type=\"section\" data-e-type=\"section\" data-settings=\"{&quot;background_background&quot;:&quot;classic&quot;}\">\n\t\t\t\t\t\t<div class=\"elementor-container elementor-column-gap-default\">\n\t\t\t\t\t<div class=\"elementor-column elementor-col-100 elementor-top-column elementor-element elementor-element-796fa02\" data-id=\"796fa02\" data-element_type=\"column\" data-e-type=\"column\">\n\t\t\t<div class=\"elementor-widget-wrap elementor-element-populated\">\n\t\t\t\t\t\t<div class=\"elementor-element elementor-element-72e9bbc elementor-widget elementor-widget-heading\" data-id=\"72e9bbc\" data-element_type=\"widget\" data-e-type=\"widget\" data-widget_type=\"heading.default\">\n\t\t\t\t<div class=\"elementor-widget-container\">\n\t\t\t\t\t<h1 class=\"elementor-heading-title elementor-size-default\">\u201eHva\u00f0an f\u00e6r ma\u00f0ur hugsj\u00f3nir s\u00ednar? \u00c9g veit a\u00f0 pabbi haf\u00f0i mikil \u00e1hrif \u00e1 mig \u00ed \u00e6sku, hann var n\u00e1tt\u00farubarn, andlega \u00feenkjandi og mikill h\u00famanisti. \u00de\u00e1 var sk\u00e1tastarfi\u00f0 mj\u00f6g m\u00f3tandi og tengdi mig enn sterkar vi\u00f0 \u00edslenska n\u00e1tt\u00faru \u00ed \u00f6llum ve\u00f0rum og \u00fear l\u00e6r\u00f0i \u00e9g a\u00f0 taka \u00e1byrg\u00f0. Og svo ur\u00f0u au\u00f0vita\u00f0 t\u00edmam\u00f3t \u00feegar \u00e9g kynntist Gu\u00f0mundi P\u00e1li \u00d3lafssyni og uppg\u00f6tva a\u00f0 \u00fea\u00f0 er ekki n\u00f3g a\u00f0 vera tengdur n\u00e1tt\u00farinni og elska hana heldur \u00fearf ma\u00f0ur a\u00f0 verja hana. \u00de\u00e1 vakna\u00f0i \u00feessi spurning: Hva\u00f0 \u00e6tla \u00e9g a\u00f0 gera \u00ed \u00fev\u00ed? Og \u00e1\u00f0ur en \u00e9g vissi af var \u00e9g or\u00f0in bar\u00e1ttukona.\u201c M<\/h1>\t\t\t\t<\/div>\n\t\t\t\t<\/div>\n\t\t\t\t\t<\/div>\n\t\t<\/div>\n\t\t\t\t\t<\/div>\n\t\t<\/section>\n\t\t\t\t<\/div>\n\t\t","protected":false},"excerpt":{"rendered":"<p>Um Mar\u00edu Mar\u00eda hefur lagt stund \u00e1 leiklist fr\u00e1 sautj\u00e1n \u00e1ra aldri, \u00feegar h\u00fan l\u00e9k sitt fyrsta hlutverk \u00ed kvikmynd. H\u00fan hefur \u00e1tt fars\u00e6lan ferlin \u00e1 leiksvi\u00f0i, \u00ed sj\u00f3nvarpi og kvikmyndum, b\u00e6\u00f0i h\u00e9r heima og erlendis. Mar\u00eda er hugsj\u00f3na og bar\u00e1ttukona \u00e1 svi\u00f0i n\u00e1tt\u00farverndar og samf\u00e9lagslegrar n\u00fdsk\u00f6punnar. H\u00fan er einn af stofnendum Framt\u00ed\u00f0arlandsins og Au\u00f0lindar [&hellip;]<\/p>\n","protected":false},"author":4,"featured_media":3897,"parent":0,"menu_order":0,"comment_status":"closed","ping_status":"closed","template":"","meta":{"footnotes":""},"flokkar":[],"class_list":["post-256","page","type-page","status-publish","has-post-thumbnail","hentry"],"_links":{"self":[{"href":"https:\/\/mariaellingsen.is\/en\/wp-json\/wp\/v2\/pages\/256","targetHints":{"allow":["GET"]}}],"collection":[{"href":"https:\/\/mariaellingsen.is\/en\/wp-json\/wp\/v2\/pages"}],"about":[{"href":"https:\/\/mariaellingsen.is\/en\/wp-json\/wp\/v2\/types\/page"}],"author":[{"embeddable":true,"href":"https:\/\/mariaellingsen.is\/en\/wp-json\/wp\/v2\/users\/4"}],"replies":[{"embeddable":true,"href":"https:\/\/mariaellingsen.is\/en\/wp-json\/wp\/v2\/comments?post=256"}],"version-history":[{"count":157,"href":"https:\/\/mariaellingsen.is\/en\/wp-json\/wp\/v2\/pages\/256\/revisions"}],"predecessor-version":[{"id":4014,"href":"https:\/\/mariaellingsen.is\/en\/wp-json\/wp\/v2\/pages\/256\/revisions\/4014"}],"wp:featuredmedia":[{"embeddable":true,"href":"https:\/\/mariaellingsen.is\/en\/wp-json\/wp\/v2\/media\/3897"}],"wp:attachment":[{"href":"https:\/\/mariaellingsen.is\/en\/wp-json\/wp\/v2\/media?parent=256"}],"wp:term":[{"taxonomy":"flokkar","embeddable":true,"href":"https:\/\/mariaellingsen.is\/en\/wp-json\/wp\/v2\/flokkar?post=256"}],"curies":[{"name":"wp","href":"https:\/\/api.w.org\/{rel}","templated":true}]}}